{"id":75,"date":"2023-04-15T21:38:37","date_gmt":"2023-04-15T18:38:37","guid":{"rendered":"https:\/\/stadinkissala.fi\/?page_id=75"},"modified":"2024-08-22T14:57:51","modified_gmt":"2024-08-22T11:57:51","slug":"pennut","status":"publish","type":"page","link":"https:\/\/stadinkissala.fi\/?page_id=75","title":{"rendered":"Pennut"},"content":{"rendered":"\n<div class=\"wp-block-group alignfull has-background is-layout-flow wp-block-group-is-layout-flow\" style=\"background-color:#f8f4e4\">\n<div class=\"wp-block-columns alignwide is-layout-flex wp-container-core-columns-is-layout-28f84493 wp-block-columns-is-layout-flex\">\n<div class=\"wp-block-column is-layout-flow wp-block-column-is-layout-flow\">\n<div style=\"height:100px\" aria-hidden=\"true\" class=\"wp-block-spacer\"><\/div>\n\n\n\n<h6 class=\"wp-block-heading has-text-color\" id=\"ecosystem\" style=\"color:#000000\"><\/h6>\n\n\n\n<p class=\"has-text-color\" style=\"color:#000000;font-size:5vw;line-height:1.1\">Seuraava pentue suunnitteilla syntyv\u00e4ksi alkuvuodesta 2025.<\/p>\n\n\n\n<p><\/p>\n\n\n\n<p><\/p>\n\n\n\n<div style=\"height:5px\" aria-hidden=\"true\" class=\"wp-block-spacer\"><\/div>\n<\/div>\n<\/div>\n\n\n\n<div class=\"wp-block-columns alignwide is-layout-flex wp-container-core-columns-is-layout-28f84493 wp-block-columns-is-layout-flex\">\n<div class=\"wp-block-column is-layout-flow wp-block-column-is-layout-flow\" style=\"flex-basis:67%\">\n<figure class=\"wp-block-image alignright size-large\"><img loading=\"lazy\" decoding=\"async\" width=\"1024\" height=\"683\" src=\"https:\/\/stadinkissala.fi\/wp-content\/uploads\/2023\/04\/IMG_8037-1024x683.jpg\" alt=\"\" class=\"wp-image-85\" srcset=\"https:\/\/stadinkissala.fi\/wp-content\/uploads\/2023\/04\/IMG_8037-1024x683.jpg 1024w, https:\/\/stadinkissala.fi\/wp-content\/uploads\/2023\/04\/IMG_8037-300x200.jpg 300w, https:\/\/stadinkissala.fi\/wp-content\/uploads\/2023\/04\/IMG_8037-768x512.jpg 768w, https:\/\/stadinkissala.fi\/wp-content\/uploads\/2023\/04\/IMG_8037-1536x1024.jpg 1536w, https:\/\/stadinkissala.fi\/wp-content\/uploads\/2023\/04\/IMG_8037.jpg 2048w\" sizes=\"auto, (max-width: 1024px) 100vw, 1024px\" \/><\/figure>\n<\/div>\n\n\n\n<div class=\"wp-block-column is-vertically-aligned-center is-layout-flow wp-block-column-is-layout-flow\" style=\"flex-basis:33%\">\n<p class=\"has-text-color has-extra-small-font-size\" style=\"color:#000000\">Pennut luovutetaan uusiin koteihin Suomen Kissaliiton ja FIF\u00e9n s\u00e4\u00e4nt\u00f6jen mukaan, eli v\u00e4hint\u00e4\u00e4n 14-viikon ik\u00e4isen\u00e4, mikrosirutettuina ja rokotettuna. <br><\/p>\n<\/div>\n<\/div>\n\n\n\n<div class=\"wp-block-columns alignwide is-layout-flex wp-container-core-columns-is-layout-28f84493 wp-block-columns-is-layout-flex\">\n<div class=\"wp-block-column is-layout-flow wp-block-column-is-layout-flow\" style=\"flex-basis:33.38%\">\n<p class=\"has-text-color has-extra-small-font-size\" style=\"color:#000000\"><\/p>\n\n\n\n<h1 class=\"wp-block-heading\">Aikaisemmat pentueet<\/h1>\n\n\n\n<p><\/p>\n\n\n\n<h4 class=\"wp-block-heading\">FI*Stadin 1. pentue (Helsingin patsaat)<\/h4>\n\n\n\n<p>Domnalle syntyi nelj\u00e4 pentua (3 urosta ja 1 naaras) 15.5.2023.<\/p>\n\n\n\n<p>Emo: SC Katzenhof Christina Regina DVM &#8221;Domna&#8221;<br>Is\u00e4: Starblue&#8217;s Otava of Katzenhof (om. Mette-Maaria Saarela, Katzenhof) &#8221;Otava&#8221;<\/p>\n\n\n\n<p>Pentueen molemmat vanhemmat on silm\u00e4peilattu terveiksi, ja pentujen is\u00e4 on my\u00f6s FIV+FeLV-testattu negatiiviseksi.<br><br>Pennut saivat nimens\u00e4 Helsingin kuuluisien patsaiden mukaan<br>FI*Stadin Havis Amanda<br>FI*Stadin Lyhdynkantaja<br>FI*Stadin Bad Bad Boy<br>FI*Stadin Passio Musicae<br><br>Pennuista FI*Stadin Havis Amanda &#8221;Manta&#8221; j\u00e4\u00e4 meille kasvatukseen ja toivottavasti toimii tulevaisuudessa emona seuraavalle pentueellemme.<\/p>\n<\/div>\n\n\n\n<div class=\"wp-block-column is-vertically-aligned-center is-layout-flow wp-block-column-is-layout-flow\" style=\"flex-basis:33%\">\n<figure class=\"wp-block-image size-large\"><img loading=\"lazy\" decoding=\"async\" width=\"681\" height=\"1024\" src=\"https:\/\/stadinkissala.fi\/wp-content\/uploads\/2023\/04\/IMG_2852-1-1-681x1024.jpg\" alt=\"\" class=\"wp-image-82\" srcset=\"https:\/\/stadinkissala.fi\/wp-content\/uploads\/2023\/04\/IMG_2852-1-1-681x1024.jpg 681w, https:\/\/stadinkissala.fi\/wp-content\/uploads\/2023\/04\/IMG_2852-1-1-200x300.jpg 200w, https:\/\/stadinkissala.fi\/wp-content\/uploads\/2023\/04\/IMG_2852-1-1-768x1154.jpg 768w, https:\/\/stadinkissala.fi\/wp-content\/uploads\/2023\/04\/IMG_2852-1-1.jpg 1022w\" sizes=\"auto, (max-width: 681px) 100vw, 681px\" \/><figcaption class=\"wp-element-caption\">Is\u00e4: Starblue&#8217;s Otava of Katzenhof<\/figcaption><\/figure>\n<\/div>\n\n\n\n<div class=\"wp-block-column is-layout-flow wp-container-core-column-is-layout-a77db08e wp-block-column-is-layout-flow\" style=\"flex-basis:33.62%\">\n<div class=\"wp-block-group has-global-padding is-layout-constrained wp-block-group-is-layout-constrained\">\n<div style=\"height:463px\" aria-hidden=\"true\" class=\"wp-block-spacer\"><\/div>\n<\/div>\n\n\n\n<figure class=\"wp-block-image size-large\"><img loading=\"lazy\" decoding=\"async\" width=\"751\" height=\"1024\" src=\"https:\/\/stadinkissala.fi\/wp-content\/uploads\/2023\/04\/2O8A4278-751x1024.jpg\" alt=\"\" class=\"wp-image-84\" srcset=\"https:\/\/stadinkissala.fi\/wp-content\/uploads\/2023\/04\/2O8A4278-751x1024.jpg 751w, https:\/\/stadinkissala.fi\/wp-content\/uploads\/2023\/04\/2O8A4278-220x300.jpg 220w, https:\/\/stadinkissala.fi\/wp-content\/uploads\/2023\/04\/2O8A4278-768x1048.jpg 768w, https:\/\/stadinkissala.fi\/wp-content\/uploads\/2023\/04\/2O8A4278.jpg 1126w\" sizes=\"auto, (max-width: 751px) 100vw, 751px\" \/><figcaption class=\"wp-element-caption\">Emo: SC Katzenhof Christina Regina DVM<\/figcaption><\/figure>\n<\/div>\n<\/div>\n<\/div>\n","protected":false},"excerpt":{"rendered":"<p>Seuraava pentue suunnitteilla syntyv\u00e4ksi alkuvuodesta 2025. Pennut luovutetaan uusiin koteihin Suomen Kissaliiton ja FIF\u00e9n s\u00e4\u00e4nt\u00f6jen mukaan, eli v\u00e4hint\u00e4\u00e4n 14-viikon ik\u00e4isen\u00e4, mikrosirutettuina ja rokotettuna. Aikaisemmat pentueet FI*Stadin 1. pentue (Helsingin patsaat) Domnalle syntyi nelj\u00e4 pentua (3 urosta ja 1 naaras) 15.5.2023. Emo: SC Katzenhof Christina Regina DVM &#8221;Domna&#8221;Is\u00e4: Starblue&#8217;s Otava of Katzenhof (om. Mette-Maaria Saarela, Katzenhof) [&hellip;]<\/p>\n","protected":false},"author":1,"featured_media":0,"parent":0,"menu_order":0,"comment_status":"closed","ping_status":"closed","template":"","meta":{"footnotes":""},"class_list":["post-75","page","type-page","status-publish","hentry"],"jetpack_sharing_enabled":true,"_links":{"self":[{"href":"https:\/\/stadinkissala.fi\/index.php?rest_route=\/wp\/v2\/pages\/75","targetHints":{"allow":["GET"]}}],"collection":[{"href":"https:\/\/stadinkissala.fi\/index.php?rest_route=\/wp\/v2\/pages"}],"about":[{"href":"https:\/\/stadinkissala.fi\/index.php?rest_route=\/wp\/v2\/types\/page"}],"author":[{"embeddable":true,"href":"https:\/\/stadinkissala.fi\/index.php?rest_route=\/wp\/v2\/users\/1"}],"replies":[{"embeddable":true,"href":"https:\/\/stadinkissala.fi\/index.php?rest_route=%2Fwp%2Fv2%2Fcomments&post=75"}],"version-history":[{"count":15,"href":"https:\/\/stadinkissala.fi\/index.php?rest_route=\/wp\/v2\/pages\/75\/revisions"}],"predecessor-version":[{"id":159,"href":"https:\/\/stadinkissala.fi\/index.php?rest_route=\/wp\/v2\/pages\/75\/revisions\/159"}],"wp:attachment":[{"href":"https:\/\/stadinkissala.fi\/index.php?rest_route=%2Fwp%2Fv2%2Fmedia&parent=75"}],"curies":[{"name":"wp","href":"https:\/\/api.w.org\/{rel}","templated":true}]}}