{"id":34,"date":"2023-04-10T23:44:51","date_gmt":"2023-04-10T20:44:51","guid":{"rendered":"https:\/\/stadinkissalafi.wordpress.com\/?page_id=34"},"modified":"2023-04-15T21:05:31","modified_gmt":"2023-04-15T18:05:31","slug":"ota-yhteytta","status":"publish","type":"page","link":"https:\/\/stadinkissala.fi\/?page_id=34","title":{"rendered":"Ota yhteytt\u00e4!"},"content":{"rendered":"\n<p><\/p>\n\n\n\n<div class=\"wp-block-group alignfull has-text-color has-background has-link-color wp-elements-c8b7dcc00da77ad20b6968bfb1f9126d has-global-padding is-layout-constrained wp-block-group-is-layout-constrained\" style=\"color:#222222;background-color:#e6e6e6;margin-top:0px;margin-bottom:0px;padding-top:7vw;padding-bottom:7vw\">\n<div class=\"wp-block-columns alignwide are-vertically-aligned-center is-layout-flex wp-container-core-columns-is-layout-c4677a31 wp-block-columns-is-layout-flex\">\n<div class=\"wp-block-column is-vertically-aligned-center is-layout-flow wp-block-column-is-layout-flow\" style=\"flex-basis:60%\">\n<div class=\"wp-block-group alignfull has-global-padding is-layout-constrained wp-container-core-group-is-layout-a9597b32 wp-block-group-is-layout-constrained\" style=\"margin-top:0px;margin-bottom:0px;padding-top:7vw;padding-bottom:7vw\">\n<p><\/p>\n\n\n\n<div class=\"wp-block-group alignwide is-vertical is-layout-flex wp-container-core-group-is-layout-fe9cc265 wp-block-group-is-layout-flex\">\n<div class=\"wp-block-group has-global-padding is-layout-constrained wp-container-core-group-is-layout-7dbc8efc wp-block-group-is-layout-constrained\">\n<h2 class=\"wp-block-heading\" style=\"font-size:48px\">FI*STADIN <\/h2>\n<\/div>\n<\/div>\n\n\n\n<div class=\"wp-block-group alignwide is-vertical is-layout-flex wp-container-core-group-is-layout-fe9cc265 wp-block-group-is-layout-flex\">\n<div class=\"wp-block-group has-global-padding is-layout-constrained wp-container-core-group-is-layout-7dbc8efc wp-block-group-is-layout-constrained\">\n<p>Linnea Keltanen &amp; Santeri Velin<br>linnea@stadinkissala.fi<\/p>\n\n\n\n<p style=\"font-size:20px\">Jos sinua kiinnostaa suunnitteilla tai odotettavat pentueet tai haluat muuten tiet\u00e4\u00e4 kasvatuksestamme tai kissoistamme lis\u00e4\u00e4, ota rohkeasti yhteytt\u00e4!<\/p>\n\n\n\n<p>Pentutiedusteluissa toivomme, ett\u00e4 kerrot viestiss\u00e4si esimerkiksi hieman itsest\u00e4si ja millaisen kodin kissa teilt\u00e4 saisi.<\/p>\n\n\n\n<p> Kissalamme sijaitsee J\u00e4tk\u00e4saaressa Helsingiss\u00e4.<\/p>\n\n\n\n<div style=\"height:2vw\" aria-hidden=\"true\" class=\"wp-block-spacer\"><\/div>\n<\/div>\n<\/div>\n\n\n\n<div class=\"wp-block-columns alignwide is-layout-flex wp-container-core-columns-is-layout-28f84493 wp-block-columns-is-layout-flex\">\n<div class=\"wp-block-column is-layout-flow wp-block-column-is-layout-flow\">\n<iframe src=\"https:\/\/www.google.com\/maps\/embed?pb=!1m17!1m12!1m3!1d496.3592424703456!2d24.916324928584157!3d60.15694466580111!2m3!1f0!2f0!3f0!3m2!1i1024!2i768!4f13.1!3m2!1m1!2zNjDCsDA5JzI1LjAiTiAyNMKwNTUnMDEuMSJF!5e0!3m2!1sen!2sfi!4v1681581809157!5m2!1sen!2sfi\" width=\"600\" height=\"450\" style=\"border:0;\" allowfullscreen=\"\" loading=\"lazy\" referrerpolicy=\"no-referrer-when-downgrade\"><\/iframe>\n<\/div>\n<\/div>\n<\/div>\n<\/div>\n<\/div>\n<\/div>\n\n\n\n<p><\/p>\n\n\n\n<p><\/p>\n","protected":false},"excerpt":{"rendered":"<p>FI*STADIN Linnea Keltanen &amp; Santeri Velinlinnea@stadinkissala.fi Jos sinua kiinnostaa suunnitteilla tai odotettavat pentueet tai haluat muuten tiet\u00e4\u00e4 kasvatuksestamme tai kissoistamme lis\u00e4\u00e4, ota rohkeasti yhteytt\u00e4! Pentutiedusteluissa toivomme, ett\u00e4 kerrot viestiss\u00e4si esimerkiksi hieman itsest\u00e4si ja millaisen kodin kissa teilt\u00e4 saisi. Kissalamme sijaitsee J\u00e4tk\u00e4saaressa Helsingiss\u00e4.<\/p>\n","protected":false},"author":2,"featured_media":0,"parent":0,"menu_order":0,"comment_status":"closed","ping_status":"closed","template":"","meta":{"footnotes":""},"class_list":["post-34","page","type-page","status-publish","hentry"],"jetpack_sharing_enabled":true,"_links":{"self":[{"href":"https:\/\/stadinkissala.fi\/index.php?rest_route=\/wp\/v2\/pages\/34","targetHints":{"allow":["GET"]}}],"collection":[{"href":"https:\/\/stadinkissala.fi\/index.php?rest_route=\/wp\/v2\/pages"}],"about":[{"href":"https:\/\/stadinkissala.fi\/index.php?rest_route=\/wp\/v2\/types\/page"}],"author":[{"embeddable":true,"href":"https:\/\/stadinkissala.fi\/index.php?rest_route=\/wp\/v2\/users\/2"}],"replies":[{"embeddable":true,"href":"https:\/\/stadinkissala.fi\/index.php?rest_route=%2Fwp%2Fv2%2Fcomments&post=34"}],"version-history":[{"count":3,"href":"https:\/\/stadinkissala.fi\/index.php?rest_route=\/wp\/v2\/pages\/34\/revisions"}],"predecessor-version":[{"id":64,"href":"https:\/\/stadinkissala.fi\/index.php?rest_route=\/wp\/v2\/pages\/34\/revisions\/64"}],"wp:attachment":[{"href":"https:\/\/stadinkissala.fi\/index.php?rest_route=%2Fwp%2Fv2%2Fmedia&parent=34"}],"curies":[{"name":"wp","href":"https:\/\/api.w.org\/{rel}","templated":true}]}}