{"id":14,"date":"2023-03-27T16:26:05","date_gmt":"2023-03-27T13:26:05","guid":{"rendered":"https:\/\/stadinkissalafi.wordpress.com\/?page_id=14"},"modified":"2025-03-09T16:13:35","modified_gmt":"2025-03-09T14:13:35","slug":"kissamme","status":"publish","type":"page","link":"https:\/\/stadinkissala.fi\/?page_id=14","title":{"rendered":"Kissamme"},"content":{"rendered":"\n<div class=\"wp-block-group alignfull has-white-background-color has-text-color has-background has-link-color wp-elements-e317e5dad761f672a1f37530aaa98860 has-global-padding is-layout-constrained wp-container-core-group-is-layout-4b59ea92 wp-block-group-is-layout-constrained\" style=\"color:#0d1f3a;margin-top:0px;margin-bottom:0px;padding-top:7vw;padding-bottom:7vw\">\n<h2 class=\"wp-block-heading alignwide\" style=\"margin-bottom:3.5vw;font-size:33px;line-height:1.2\">Kasvatukseen k\u00e4ytett\u00e4v\u00e4t<\/h2>\n\n\n\n<div class=\"wp-block-media-text alignwide is-stacked-on-mobile\"><figure class=\"wp-block-media-text__media\"><img decoding=\"async\" src=\"https:\/\/stadinkissala.fi\/wp-content\/uploads\/2023\/03\/img_9417.jpg?w=1024\" alt=\"\" class=\"wp-image-9 size-full\"\/><\/figure><div class=\"wp-block-media-text__content\">\n<p><strong>SC Katzenhof Christina Regina DVM<\/strong><\/p>\n\n\n\n<p><strong>&#8221;Domna&#8221;<\/strong><\/p>\n\n\n\n<p>Syntynyt 1.12.2018<\/p>\n\n\n\n<p><a href=\"http:\/\/kissat.kissaliitto.fi\/perusnaytto_kissa.aspx?id=240301\" data-type=\"URL\" data-id=\"http:\/\/kissat.kissaliitto.fi\/perusnaytto_kissa.aspx?id=240301\">Sukutaulu ja n\u00e4yttelytulokset Omakissassa<\/a><\/p>\n\n\n\n<p>Domna on aktiivinen, leikkis\u00e4 ja vauhdikas kissarouva jonka mielest\u00e4 on parasta k\u00e4perty\u00e4 ihmisen syliin nukkumaan ja kehr\u00e4\u00e4m\u00e4\u00e4n \u00e4\u00e4nett\u00f6m\u00e4sti.<\/p>\n\n\n\n<p>Domna on k\u00e4ynyt paljon n\u00e4yttelyiss\u00e4 Suomessa ja ulkomailla, ja saavuttanut Supreme Champion sek\u00e4 Distinguished Variety Merit -tittelit. Sen lis\u00e4ksi saavutuksina mm.<br>Suomen Kissaliiton 2. paras naaras kategoriassa 4 vuonna 2021<br>Uudenmaan rotukissayhdistyksen Vuoden Kissa -kilpailussa paras naaras kategoriassa 4 vuosina 2021, 2022 ja 2024<br>Suomen Ven\u00e4j\u00e4nsiniset ry:n Vuoden kissa (paras naaras) 2021, 2022 ja 2024.<\/p>\n\n\n\n<p>Alunperin Domna tuli meille sijoitukseen Katzenhof-kissalasta, ja Domnalla onkin ennest\u00e4\u00e4n yksi kes\u00e4kuussa 2020 Katzenhof-kissalaan syntynyt pentue.<\/p>\n<\/div><\/div>\n\n\n\n<div class=\"wp-block-media-text alignwide is-stacked-on-mobile\"><figure class=\"wp-block-media-text__media\"><img loading=\"lazy\" decoding=\"async\" width=\"1024\" height=\"717\" src=\"https:\/\/stadinkissala.fi\/wp-content\/uploads\/2024\/01\/2O8A7093-1024x717.jpg\" alt=\"\" class=\"wp-image-150 size-full\" srcset=\"https:\/\/stadinkissala.fi\/wp-content\/uploads\/2024\/01\/2O8A7093-1024x717.jpg 1024w, https:\/\/stadinkissala.fi\/wp-content\/uploads\/2024\/01\/2O8A7093-300x210.jpg 300w, https:\/\/stadinkissala.fi\/wp-content\/uploads\/2024\/01\/2O8A7093-768x538.jpg 768w, https:\/\/stadinkissala.fi\/wp-content\/uploads\/2024\/01\/2O8A7093.jpg 1300w\" sizes=\"auto, (max-width: 1024px) 100vw, 1024px\" \/><\/figure><div class=\"wp-block-media-text__content\">\n<p><strong>JCH IC<\/strong> <strong>FI*Stadin Havis Amanda<\/strong><\/p>\n\n\n\n<p><strong>&#8221;Manta&#8221;<\/strong><\/p>\n\n\n\n<p>Syntynyt 15.5.2023<\/p>\n\n\n\n<p><a href=\"https:\/\/kissat.kissaliitto.fi\/Pedigree?id=314991\" data-type=\"URL\" data-id=\"http:\/\/kissat.kissaliitto.fi\/perusnaytto_kissa.aspx?id=240301\">Sukutaulu ja n\u00e4yttelytulokset Omakissassa<\/a><\/p>\n\n\n\n<p>Manta on ensimm\u00e4isest\u00e4 pentueestamme ja toivottavasti tulevaisuudessa emo tuleville FI*Stadin pentueille. Manta on todella aktiivinen, leikkis\u00e4 ja vauhdikas nuori kissa, jolta ei leikkimiseen lopu into eik\u00e4 energia! Erityisen paljon Manta tykk\u00e4\u00e4 noutoleikeist\u00e4, joita varten se kantaa ihmisille heitett\u00e4v\u00e4ksi p\u00e4ivitt\u00e4in paljon pieni\u00e4 asioita noutoleikkeihin sopivista kissanleluista kauppakuitteihin ja orkideankukkiin, jotka se on k\u00e4ynyt poimimassa ihmisten varjelemista huonekasveista.<\/p>\n\n\n\n<p>Manta on k\u00e4ynyt pienest\u00e4 saakka jo paljon n\u00e4yttelyiss\u00e4 ja t\u00e4ll\u00e4 hetkell\u00e4 my\u00f6s n\u00e4yttelyiden osalta tulevaisuus n\u00e4ytt\u00e4\u00e4 lupaavalta Mantan kohdalla.<br>Mantalla on saavutuksina Junior Champion ja International Champion -titteleiden lis\u00e4ksi my\u00f6s Uudenmaan rotukissayhdistyksen Vuoden kissa -kilpailun 3. sija kategorian 4 naaraissa.<br><br>Ensimm\u00e4inen pentue on Mantalle suunnitteilla, mutta aikaisintaan vuodelle 2025.<\/p>\n<\/div><\/div>\n<\/div>\n\n\n\n<h2 class=\"wp-block-heading alignwide has-text-align-center\" style=\"margin-bottom:3.5vw;font-size:33px;line-height:1.2\"><\/h2>\n\n\n\n<div class=\"wp-block-group alignfull has-white-background-color has-text-color has-background has-link-color wp-elements-e906aec9557693227d7f14de58aabed5 has-global-padding is-layout-constrained wp-container-core-group-is-layout-4b59ea92 wp-block-group-is-layout-constrained\" style=\"color:#0d1f3a;margin-top:0px;margin-bottom:0px;padding-top:7vw;padding-bottom:7vw\">\n<h2 class=\"wp-block-heading alignwide\" style=\"margin-bottom:3.5vw;font-size:33px;line-height:1.2\">Kastraatit<\/h2>\n\n\n\n<div class=\"wp-block-media-text alignwide is-stacked-on-mobile\"><figure class=\"wp-block-media-text__media\"><img loading=\"lazy\" decoding=\"async\" width=\"1024\" height=\"683\" src=\"https:\/\/stadinkissala.fi\/wp-content\/uploads\/2023\/04\/2O8A7491.jpg\" alt=\"\" class=\"wp-image-65 size-full\" srcset=\"https:\/\/stadinkissala.fi\/wp-content\/uploads\/2023\/04\/2O8A7491.jpg 1024w, https:\/\/stadinkissala.fi\/wp-content\/uploads\/2023\/04\/2O8A7491-300x200.jpg 300w, https:\/\/stadinkissala.fi\/wp-content\/uploads\/2023\/04\/2O8A7491-768x512.jpg 768w\" sizes=\"auto, (max-width: 1024px) 100vw, 1024px\" \/><\/figure><div class=\"wp-block-media-text__content\">\n<p><strong>SP FI*Kaizahre Diamonds Are 4ever<\/strong><\/p>\n\n\n\n<p><strong>&#8221;Ella&#8221;<\/strong><\/p>\n\n\n\n<p>Syntynyt 9.5.2010<\/p>\n\n\n\n<p><a href=\"http:\/\/kissat.kissaliitto.fi\/perusnaytto_kissa.aspx?id=24000\" data-type=\"URL\" data-id=\"http:\/\/kissat.kissaliitto.fi\/perusnaytto_kissa.aspx?id=24000\">Sukutaulu ja FIF\u00e9-n\u00e4yttelytulokset Omakissassa<\/a><\/p>\n\n\n\n<p>Ella on ensimm\u00e4inen ven\u00e4j\u00e4nsinisemme. Ella on l\u00e4mpimi\u00e4 paikkoja ja nukkumista rakastava, \u00e4lyk\u00e4s ja j\u00e4\u00e4r\u00e4p\u00e4inen kissarouva, joka tuntee oman arvonsa ja tykk\u00e4\u00e4 kun asiat hoituvat niin kuin Ella ne haluaa.<\/p>\n\n\n\n<p>Ella on k\u00e4ynyt nuorempana paljon n\u00e4yttelyiss\u00e4 ja saavuttanut FIF\u00e9n Supreme Premior sek\u00e4 TICAn Triple Grand Champion Alter -tittelit. Sen lis\u00e4ksi saavutuksina mm.<br>URKin Vuoden Kissa -kilpailussa 3. paras kastraattinaaras ja 3. paras veteraani vuonna 2018.<\/p>\n\n\n\n<p>Alunperin Ella on tullut meille sijoitukseen Katzenhof-kissalasta, ja sill\u00e4 onkin Katzenhof-kissalassa yksi syyskuussa 2011 syntynyt pentue.<\/p>\n<\/div><\/div>\n\n\n\n<div class=\"wp-block-media-text alignwide is-stacked-on-mobile\"><figure class=\"wp-block-media-text__media\"><img loading=\"lazy\" decoding=\"async\" width=\"1024\" height=\"683\" src=\"https:\/\/stadinkissala.fi\/wp-content\/uploads\/2023\/04\/14005969603_dd821427cd_o.jpg\" alt=\"\" class=\"wp-image-69 size-full\" srcset=\"https:\/\/stadinkissala.fi\/wp-content\/uploads\/2023\/04\/14005969603_dd821427cd_o.jpg 1024w, https:\/\/stadinkissala.fi\/wp-content\/uploads\/2023\/04\/14005969603_dd821427cd_o-300x200.jpg 300w, https:\/\/stadinkissala.fi\/wp-content\/uploads\/2023\/04\/14005969603_dd821427cd_o-768x512.jpg 768w\" sizes=\"auto, (max-width: 1024px) 100vw, 1024px\" \/><\/figure><div class=\"wp-block-media-text__content\">\n<p><strong>SP IC Ruskis Veroschka of Katzenhof<\/strong><\/p>\n\n\n\n<p><strong>&#8221;Ruska&#8221;<\/strong><\/p>\n\n\n\n<p>Syntynyt 9.9.2009<\/p>\n\n\n\n<p><a href=\"http:\/\/kissat.kissaliitto.fi\/perusnaytto_kissa.aspx?id=24000\" data-type=\"URL\" data-id=\"http:\/\/kissat.kissaliitto.fi\/perusnaytto_kissa.aspx?id=24000\">Sukutaulu ja FIF\u00e9-n\u00e4yttelytulokset Omakissassa<\/a><br><br>Ruska viett\u00e4\u00e4 el\u00e4kep\u00e4ivi\u00e4\u00e4n kissakaverinsa Onnin kanssa pysyv\u00e4sti \u00e4itini luona.<\/p>\n\n\n\n<p>Ruska tuli meille jo aikuisena, sijoitukseen viimeisen pentueensa ajaksi Katzenhof-kissalasta. <\/p>\n\n\n\n<p>Ruskalle t\u00e4rkeint\u00e4 on sen kissakaveri Onni, jolle Ruska on kuin varjo ja jonka viereen Ruska mielell\u00e4\u00e4n k\u00f6mpii aina tilaisuuden tullen.<br><br>N\u00e4yttelyiss\u00e4 Ruska k\u00e4vi nuorempana ahkerasti, ja siell\u00e4 se sai erityisen paljon kehuja upeasta luonteestaan ja suurista, uskomattoman vihreist\u00e4 silmist\u00e4\u00e4n.<br><\/p>\n<\/div><\/div>\n\n\n\n<div class=\"wp-block-media-text alignwide is-stacked-on-mobile\"><figure class=\"wp-block-media-text__media\"><img loading=\"lazy\" decoding=\"async\" width=\"640\" height=\"427\" src=\"https:\/\/stadinkissala.fi\/wp-content\/uploads\/2023\/04\/022167503_b.jpg\" alt=\"\" class=\"wp-image-72 size-full\" srcset=\"https:\/\/stadinkissala.fi\/wp-content\/uploads\/2023\/04\/022167503_b.jpg 640w, https:\/\/stadinkissala.fi\/wp-content\/uploads\/2023\/04\/022167503_b-300x200.jpg 300w\" sizes=\"auto, (max-width: 640px) 100vw, 640px\" \/><\/figure><div class=\"wp-block-media-text__content\">\n<p><\/p>\n\n\n\n<p><strong>&#8221;Onni&#8221;<\/strong><\/p>\n\n\n\n<p>Syntynyt 25.5.2008<br><br>Onni viett\u00e4\u00e4 el\u00e4kep\u00e4ivi\u00e4\u00e4n kissakaverinsa Ruskan kanssa pysyv\u00e4sti \u00e4itini luona.<\/p>\n\n\n\n<p>Onni on ensimm\u00e4inen kissani ja sen kanssa olenkin saanut vuosien varrella oppia paljon kissoista ja niiden hoidosta! Onni ei muista kissoistamme poiketen ole ven\u00e4j\u00e4nsininen vaan maatiaiskissa. <br><br>Onni on i\u00e4st\u00e4\u00e4n huolimatta aktiivinen ja utelias, vanhemmalla i\u00e4ll\u00e4 valjaissa ulkoilemiseenkin rakastunut hurmaava kollikissa, joka jakaa mielell\u00e4\u00e4n hellyytt\u00e4 ihmisilleen puskien ja kehr\u00e4ten kovaan \u00e4\u00e4neen.<\/p>\n<\/div><\/div>\n<\/div>\n\n\n\n<main class=\"wp-block-group is-layout-flow wp-block-group-is-layout-flow\">\n<div class=\"wp-block-group has-global-padding is-layout-constrained wp-block-group-is-layout-constrained\">\n<div style=\"height:1px\" aria-hidden=\"true\" class=\"wp-block-spacer\"><\/div>\n<\/div>\n<\/main>\n","protected":false},"excerpt":{"rendered":"<p>Kasvatukseen k\u00e4ytett\u00e4v\u00e4t SC Katzenhof Christina Regina DVM &#8221;Domna&#8221; Syntynyt 1.12.2018 Sukutaulu ja n\u00e4yttelytulokset Omakissassa Domna on aktiivinen, leikkis\u00e4 ja vauhdikas kissarouva jonka mielest\u00e4 on parasta k\u00e4perty\u00e4 ihmisen syliin nukkumaan ja kehr\u00e4\u00e4m\u00e4\u00e4n \u00e4\u00e4nett\u00f6m\u00e4sti. Domna on k\u00e4ynyt paljon n\u00e4yttelyiss\u00e4 Suomessa ja ulkomailla, ja saavuttanut Supreme Champion sek\u00e4 Distinguished Variety Merit -tittelit. Sen lis\u00e4ksi saavutuksina mm.Suomen Kissaliiton 2. [&hellip;]<\/p>\n","protected":false},"author":2,"featured_media":0,"parent":0,"menu_order":0,"comment_status":"closed","ping_status":"closed","template":"","meta":{"footnotes":""},"class_list":["post-14","page","type-page","status-publish","hentry"],"jetpack_sharing_enabled":true,"_links":{"self":[{"href":"https:\/\/stadinkissala.fi\/index.php?rest_route=\/wp\/v2\/pages\/14","targetHints":{"allow":["GET"]}}],"collection":[{"href":"https:\/\/stadinkissala.fi\/index.php?rest_route=\/wp\/v2\/pages"}],"about":[{"href":"https:\/\/stadinkissala.fi\/index.php?rest_route=\/wp\/v2\/types\/page"}],"author":[{"embeddable":true,"href":"https:\/\/stadinkissala.fi\/index.php?rest_route=\/wp\/v2\/users\/2"}],"replies":[{"embeddable":true,"href":"https:\/\/stadinkissala.fi\/index.php?rest_route=%2Fwp%2Fv2%2Fcomments&post=14"}],"version-history":[{"count":10,"href":"https:\/\/stadinkissala.fi\/index.php?rest_route=\/wp\/v2\/pages\/14\/revisions"}],"predecessor-version":[{"id":169,"href":"https:\/\/stadinkissala.fi\/index.php?rest_route=\/wp\/v2\/pages\/14\/revisions\/169"}],"wp:attachment":[{"href":"https:\/\/stadinkissala.fi\/index.php?rest_route=%2Fwp%2Fv2%2Fmedia&parent=14"}],"curies":[{"name":"wp","href":"https:\/\/api.w.org\/{rel}","templated":true}]}}